{"id":39,"date":"2017-02-16T09:16:01","date_gmt":"2017-02-16T08:16:01","guid":{"rendered":"http:\/\/mxajfmgl.preview.infomaniak.website\/?page_id=39"},"modified":"2025-11-12T22:55:14","modified_gmt":"2025-11-12T21:55:14","slug":"historique-holding-geneve","status":"publish","type":"page","link":"https:\/\/my-group.ch\/en\/historique-holding-geneve\/","title":{"rendered":"HISTORIQUE"},"content":{"rendered":"<p>[et_pb_section fb_built=\u00a0\u00bb1&Prime; fullwidth=\u00a0\u00bbon\u00a0\u00bb admin_label=\u00a0\u00bbSection\u00a0\u00bb _builder_version=\u00a0\u00bb4.16&Prime; custom_padding=\u00a0\u00bb0px|0px|0px|0px\u00a0\u00bb transparent_background=\u00a0\u00bboff\u00a0\u00bb make_fullwidth=\u00a0\u00bboff\u00a0\u00bb use_custom_width=\u00a0\u00bboff\u00a0\u00bb width_unit=\u00a0\u00bboff\u00a0\u00bb custom_width_px=\u00a0\u00bb1080px\u00a0\u00bb custom_width_percent=\u00a0\u00bb80%\u00a0\u00bb global_colors_info=\u00a0\u00bb{}\u00a0\u00bb][et_pb_fullwidth_slider admin_label=\u00a0\u00bbCurseur de d\u00e9filement plein \u00e9cran\u00a0\u00bb _builder_version=\u00a0\u00bb4.23.2&Prime; custom_padding=\u00a0\u00bb|||\u00a0\u00bb custom_padding_tablet=\u00a0\u00bb|||\u00a0\u00bb custom_padding_phone=\u00a0\u00bb|||\u00a0\u00bb remove_inner_shadow=\u00a0\u00bbon\u00a0\u00bb hide_content_on_mobile=\u00a0\u00bboff\u00a0\u00bb hide_cta_on_mobile=\u00a0\u00bboff\u00a0\u00bb show_inner_shadow=\u00a0\u00bboff\u00a0\u00bb button_letter_spacing_hover=\u00a0\u00bb0&Prime; global_colors_info=\u00a0\u00bb{}\u00a0\u00bb button_text_size__hover_enabled=\u00a0\u00bboff\u00a0\u00bb button_one_text_size__hover_enabled=\u00a0\u00bboff\u00a0\u00bb button_two_text_size__hover_enabled=\u00a0\u00bboff\u00a0\u00bb button_text_color__hover_enabled=\u00a0\u00bboff\u00a0\u00bb button_one_text_color__hover_enabled=\u00a0\u00bboff\u00a0\u00bb button_two_text_color__hover_enabled=\u00a0\u00bboff\u00a0\u00bb button_border_width__hover_enabled=\u00a0\u00bboff\u00a0\u00bb button_one_border_width__hover_enabled=\u00a0\u00bboff\u00a0\u00bb button_two_border_width__hover_enabled=\u00a0\u00bboff\u00a0\u00bb button_border_color__hover_enabled=\u00a0\u00bboff\u00a0\u00bb button_one_border_color__hover_enabled=\u00a0\u00bboff\u00a0\u00bb button_two_border_color__hover_enabled=\u00a0\u00bboff\u00a0\u00bb button_border_radius__hover_enabled=\u00a0\u00bboff\u00a0\u00bb button_one_border_radius__hover_enabled=\u00a0\u00bboff\u00a0\u00bb button_two_border_radius__hover_enabled=\u00a0\u00bboff\u00a0\u00bb button_letter_spacing__hover_enabled=\u00a0\u00bbon\u00a0\u00bb button_letter_spacing__hover=\u00a0\u00bb0&Prime; button_one_letter_spacing__hover_enabled=\u00a0\u00bboff\u00a0\u00bb button_two_letter_spacing__hover_enabled=\u00a0\u00bboff\u00a0\u00bb button_bg_color__hover_enabled=\u00a0\u00bboff\u00a0\u00bb button_one_bg_color__hover_enabled=\u00a0\u00bboff\u00a0\u00bb button_two_bg_color__hover_enabled=\u00a0\u00bboff\u00a0\u00bb][et_pb_slide heading=\u00a0\u00bbNOTRE HISTOIRE\u00a0\u00bb use_bg_overlay=\u00a0\u00bbon\u00a0\u00bb bg_overlay_color=\u00a0\u00bbrgba(0,0,0,0.5)\u00a0\u00bb use_text_overlay=\u00a0\u00bboff\u00a0\u00bb _builder_version=\u00a0\u00bb4.23.2&Prime; header_font=\u00a0\u00bb||||\u00a0\u00bb header_font_size=\u00a0\u00bb85&Prime; body_font=\u00a0\u00bb||||\u00a0\u00bb body_line_height=\u00a0\u00bb1.5em\u00a0\u00bb background_color=\u00a0\u00bb#000000&Prime; background_image=\u00a0\u00bbhttps:\/\/my-group.ch\/wp-content\/uploads\/2023\/12\/Capture-decran-2023-12-20-a-20.29.54-1.png\u00a0\u00bb background_enable_image=\u00a0\u00bbon\u00a0\u00bb custom_button=\u00a0\u00bbon\u00a0\u00bb button_text_size=\u00a0\u00bb16&Prime; button_text_color=\u00a0\u00bb#ffffff\u00a0\u00bb button_border_color=\u00a0\u00bb#ffffff\u00a0\u00bb button_font=\u00a0\u00bb||||\u00a0\u00bb button_use_icon=\u00a0\u00bboff\u00a0\u00bb header_font_size_tablet=\u00a0\u00bb80px\u00a0\u00bb header_font_size_phone=\u00a0\u00bb50px\u00a0\u00bb header_font_size_last_edited=\u00a0\u00bbon|phone\u00a0\u00bb body_font_size_tablet=\u00a0\u00bb\u00a0\u00bb body_font_size_phone=\u00a0\u00bb\u00a0\u00bb body_font_size_last_edited=\u00a0\u00bbon|desktop\u00a0\u00bb button_text_size_tablet=\u00a0\u00bb16&Prime; button_text_size_phone=\u00a0\u00bb16&Prime; button_text_color_hover=\u00a0\u00bb#666666&Prime; button_bg_color_hover=\u00a0\u00bb#ffffff\u00a0\u00bb global_colors_info=\u00a0\u00bb{}\u00a0\u00bb button_text_size__hover_enabled=\u00a0\u00bboff\u00a0\u00bb button_one_text_size__hover_enabled=\u00a0\u00bboff\u00a0\u00bb button_two_text_size__hover_enabled=\u00a0\u00bboff\u00a0\u00bb button_text_color__hover_enabled=\u00a0\u00bbon\u00a0\u00bb button_text_color__hover=\u00a0\u00bb#666666&Prime; button_one_text_color__hover_enabled=\u00a0\u00bboff\u00a0\u00bb button_two_text_color__hover_enabled=\u00a0\u00bboff\u00a0\u00bb button_border_width__hover_enabled=\u00a0\u00bboff\u00a0\u00bb button_one_border_width__hover_enabled=\u00a0\u00bboff\u00a0\u00bb button_two_border_width__hover_enabled=\u00a0\u00bboff\u00a0\u00bb button_border_color__hover_enabled=\u00a0\u00bboff\u00a0\u00bb button_one_border_color__hover_enabled=\u00a0\u00bboff\u00a0\u00bb button_two_border_color__hover_enabled=\u00a0\u00bboff\u00a0\u00bb button_border_radius__hover_enabled=\u00a0\u00bboff\u00a0\u00bb button_one_border_radius__hover_enabled=\u00a0\u00bboff\u00a0\u00bb button_two_border_radius__hover_enabled=\u00a0\u00bboff\u00a0\u00bb button_letter_spacing__hover_enabled=\u00a0\u00bboff\u00a0\u00bb button_one_letter_spacing__hover_enabled=\u00a0\u00bboff\u00a0\u00bb button_two_letter_spacing__hover_enabled=\u00a0\u00bboff\u00a0\u00bb button_bg_color__hover_enabled=\u00a0\u00bbon\u00a0\u00bb button_bg_color__hover=\u00a0\u00bb#ffffff\u00a0\u00bb button_one_bg_color__hover_enabled=\u00a0\u00bboff\u00a0\u00bb button_two_bg_color__hover_enabled=\u00a0\u00bboff\u00a0\u00bb sticky_transition=\u00a0\u00bbon\u00a0\u00bb inline_fonts=\u00a0\u00bbAbyssinica SIL\u00a0\u00bb]<\/p>\n<p style=\"text-align: center;\"><span style=\"font-family: 'Abyssinica SIL';\">Fort de notre histoire, nous avons d\u00e9velopp\u00e9 une activit\u00e9 \u00e9tendue qui couvre un large \u00e9ventail de domaines.<\/span><\/p>\n<p>[\/et_pb_slide][\/et_pb_fullwidth_slider][\/et_pb_section][et_pb_section fb_built=\u00a0\u00bb1&Prime; _builder_version=\u00a0\u00bb4.26.0&Prime; _module_preset=\u00a0\u00bbdefault\u00a0\u00bb global_colors_info=\u00a0\u00bb{}\u00a0\u00bb][et_pb_row column_structure=\u00a0\u00bb3_5,2_5&Prime; _builder_version=\u00a0\u00bb4.23.2&Prime; _module_preset=\u00a0\u00bbdefault\u00a0\u00bb global_colors_info=\u00a0\u00bb{}\u00a0\u00bb][et_pb_column type=\u00a0\u00bb3_5&Prime; _builder_version=\u00a0\u00bb4.23.2&Prime; _module_preset=\u00a0\u00bbdefault\u00a0\u00bb global_colors_info=\u00a0\u00bb{}\u00a0\u00bb][et_pb_text _builder_version=\u00a0\u00bb4.27.4&Prime; _module_preset=\u00a0\u00bbdefault\u00a0\u00bb inline_fonts=\u00a0\u00bbIBM Plex Sans,Abyssinica SIL\u00a0\u00bb global_colors_info=\u00a0\u00bb{}\u00a0\u00bb]<\/p>\n<p><span style=\"font-family: 'IBM Plex Sans'; font-weight: normal; color: #000000;\"><strong><span style=\"font-size: x-large;\">MY Group, sous la houlette de son fondateur, Michel Yazigi, illustre un parcours entrepreneurial diversifi\u00e9 et dynamique<\/span>.<\/strong><\/span><\/p>\n<p style=\"font-weight: 400;\"><span style=\"font-family: 'Abyssinica SIL'; font-weight: normal; color: #000000;\"><strong>R\u00e9sident genevois, Michel d\u00e9bute sa carri\u00e8re en tant que DJ avant de fonder Switch Vibration, Prestige Casino et Easy Photobooth des entreprises d\u2019\u00e9v\u00e9nementielles toujours active, ayant orchestr\u00e9 plus de 200 \u00e9v\u00e9nements l\u2019ann\u00e9e derni\u00e8re, allant de soir\u00e9es d\u2019entreprises \u00e0 des mariages. Impliqu\u00e9 dans la vie nocturne, il co-fonde le Village du Soir en 2016, un lieu culturel festif qui attire chaque semaine entre 4000 et 5000 personnes.<\/strong><\/span><\/p>\n<p style=\"font-weight: 400;\"><span style=\"font-family: 'Abyssinica SIL'; font-weight: normal; color: #000000;\"><strong>Cependant, Michel ne se limite pas \u00e0 l\u2019\u00e9v\u00e9nementiel. Souhaitant combler des lacunes de services sur la Rive gauche de Gen\u00e8ve, il inaugure en 2015 Master Sushi, le premier restaurant de sushis \u00e0 V\u00e9senaz. Tout en \u00e9largissant l\u2019offre avec trois autres enseignes sp\u00e9cialis\u00e9es, Master Sushi se distingue en proposant des livraisons jusqu\u2019\u00e0 Hermance, anticipant ainsi les applications de livraison.<\/strong><\/span><\/p>\n<p style=\"font-weight: 400;\"><span style=\"font-family: 'Abyssinica SIL'; font-weight: normal; color: #000000;\"><strong>Michel se concentre ensuite sur le bien-\u00eatre. En 2021, il ouvre My Loft Sport Club, un centre de sport haut de gamme \u00e0 V\u00e9senaz. Une clinique esth\u00e9tique, anti-\u00e2ge et minceur, My Beauty Clinic, compl\u00e8te cette diversification, offrant des services de m\u00e9decine esth\u00e9tique sans chirurgie. Avec sept entreprises \u00e0 son actif dont Switch Invest et l\u2019ouverture en 2025 du club Le Maxime, Michel Yazigi ambitionne de consolider le groupe et de cr\u00e9er des synergies entre elles. Ces diff\u00e9rentes entit\u00e9s, r\u00e9unissant pr\u00e8s de 50 collaborateurs, forment un ensemble en plein essor, unifi\u00e9 sous le nom de MY Group, refl\u00e9tant le dynamisme et l\u2019ambition de Michel Yazigi.<\/strong><\/span><\/p>\n<p>[\/et_pb_text][\/et_pb_column][et_pb_column type=\u00a0\u00bb2_5&Prime; _builder_version=\u00a0\u00bb4.23.2&Prime; _module_preset=\u00a0\u00bbdefault\u00a0\u00bb global_colors_info=\u00a0\u00bb{}\u00a0\u00bb][et_pb_image src=\u00a0\u00bbhttps:\/\/my-group.ch\/wp-content\/uploads\/2025\/06\/Capture-decran-2025-06-25-a-14.39.22.png\u00a0\u00bb title_text=\u00a0\u00bbCapture d\u2019\u00e9cran 2025-06-25 \u00e0 14.39.22&Prime; _builder_version=\u00a0\u00bb4.27.4&Prime; _module_preset=\u00a0\u00bbdefault\u00a0\u00bb custom_padding=\u00a0\u00bb3px|0px|||false|false\u00a0\u00bb global_colors_info=\u00a0\u00bb{}\u00a0\u00bb][\/et_pb_image][\/et_pb_column][\/et_pb_row][\/et_pb_section]<\/p>","protected":false},"excerpt":{"rendered":"<p>Fort de notre histoire, nous avons d\u00e9velopp\u00e9 une activit\u00e9 \u00e9tendue qui couvre un large \u00e9ventail de domaines.MY Group, sous la houlette de son fondateur, Michel Yazigi, illustre un parcours entrepreneurial diversifi\u00e9 et dynamique. R\u00e9sident genevois, Michel d\u00e9bute sa carri\u00e8re en tant que DJ avant de fonder Switch Vibration, Prestige Casino et Easy Photobooth des entreprises [&hellip;]<\/p>","protected":false},"author":1,"featured_media":0,"parent":0,"menu_order":0,"comment_status":"closed","ping_status":"closed","template":"","meta":{"_et_pb_use_builder":"on","_et_pb_old_content":"","_et_gb_content_width":"","_themeisle_gutenberg_block_has_review":false,"footnotes":""},"class_list":["post-39","page","type-page","status-publish","hentry"],"yoast_head":"<!-- This site is optimized with the Yoast SEO plugin v22.5 - https:\/\/yoast.com\/wordpress\/plugins\/seo\/ -->\n<title>HISTORIQUE - MY Group<\/title>\n<meta name=\"description\" content=\"Explorez l\u2019historique de MY Group \u00e0 Gen\u00e8ve : un parcours marqu\u00e9 par l\u2019innovation, l\u2019excellence et la croissance dans des secteurs vari\u00e9s comme l\u2019\u00e9v\u00e9nementiel et le bien-\u00eatre.\" \/>\n<meta name=\"robots\" content=\"index, follow, max-snippet:-1, max-image-preview:large, max-video-preview:-1\" \/>\n<link rel=\"canonical\" href=\"https:\/\/my-group.ch\/en\/historique-holding-geneve\/\" \/>\n<meta property=\"og:locale\" content=\"en_US\" \/>\n<meta property=\"og:type\" content=\"article\" \/>\n<meta property=\"og:title\" content=\"HISTORIQUE - MY Group\" \/>\n<meta property=\"og:description\" content=\"Explorez l\u2019historique de MY Group \u00e0 Gen\u00e8ve : un parcours marqu\u00e9 par l\u2019innovation, l\u2019excellence et la croissance dans des secteurs vari\u00e9s comme l\u2019\u00e9v\u00e9nementiel et le bien-\u00eatre.\" \/>\n<meta property=\"og:url\" content=\"https:\/\/my-group.ch\/en\/historique-holding-geneve\/\" \/>\n<meta property=\"og:site_name\" content=\"MY Group\" \/>\n<meta property=\"article:modified_time\" content=\"2025-11-12T21:55:14+00:00\" \/>\n<meta name=\"twitter:card\" content=\"summary_large_image\" \/>\n<meta name=\"twitter:label1\" content=\"Est. reading time\" \/>\n\t<meta name=\"twitter:data1\" content=\"2 minutes\" \/>\n<script type=\"application\/ld+json\" class=\"yoast-schema-graph\">{\"@context\":\"https:\/\/schema.org\",\"@graph\":[{\"@type\":\"WebPage\",\"@id\":\"https:\/\/my-group.ch\/historique-holding-geneve\/\",\"url\":\"https:\/\/my-group.ch\/historique-holding-geneve\/\",\"name\":\"HISTORIQUE - MY Group\",\"isPartOf\":{\"@id\":\"https:\/\/my-group.ch\/#website\"},\"datePublished\":\"2017-02-16T08:16:01+00:00\",\"dateModified\":\"2025-11-12T21:55:14+00:00\",\"description\":\"Explorez l\u2019historique de MY Group \u00e0 Gen\u00e8ve : un parcours marqu\u00e9 par l\u2019innovation, l\u2019excellence et la croissance dans des secteurs vari\u00e9s comme l\u2019\u00e9v\u00e9nementiel et le bien-\u00eatre.\",\"breadcrumb\":{\"@id\":\"https:\/\/my-group.ch\/historique-holding-geneve\/#breadcrumb\"},\"inLanguage\":\"en-US\",\"potentialAction\":[{\"@type\":\"ReadAction\",\"target\":[\"https:\/\/my-group.ch\/historique-holding-geneve\/\"]}]},{\"@type\":\"BreadcrumbList\",\"@id\":\"https:\/\/my-group.ch\/historique-holding-geneve\/#breadcrumb\",\"itemListElement\":[{\"@type\":\"ListItem\",\"position\":1,\"name\":\"Accueil\",\"item\":\"https:\/\/my-group.ch\/\"},{\"@type\":\"ListItem\",\"position\":2,\"name\":\"HISTORIQUE\"}]},{\"@type\":\"WebSite\",\"@id\":\"https:\/\/my-group.ch\/#website\",\"url\":\"https:\/\/my-group.ch\/\",\"name\":\"MY Group\",\"description\":\"\",\"publisher\":{\"@id\":\"https:\/\/my-group.ch\/#organization\"},\"potentialAction\":[{\"@type\":\"SearchAction\",\"target\":{\"@type\":\"EntryPoint\",\"urlTemplate\":\"https:\/\/my-group.ch\/?s={search_term_string}\"},\"query-input\":\"required name=search_term_string\"}],\"inLanguage\":\"en-US\"},{\"@type\":\"Organization\",\"@id\":\"https:\/\/my-group.ch\/#organization\",\"name\":\"MY Group\",\"url\":\"https:\/\/my-group.ch\/\",\"logo\":{\"@type\":\"ImageObject\",\"inLanguage\":\"en-US\",\"@id\":\"https:\/\/my-group.ch\/#\/schema\/logo\/image\/\",\"url\":\"https:\/\/my-group.ch\/wp-content\/uploads\/2024\/03\/cropped-logo-MY-group-png-blanc.png\",\"contentUrl\":\"https:\/\/my-group.ch\/wp-content\/uploads\/2024\/03\/cropped-logo-MY-group-png-blanc.png\",\"width\":512,\"height\":512,\"caption\":\"MY Group\"},\"image\":{\"@id\":\"https:\/\/my-group.ch\/#\/schema\/logo\/image\/\"}}]}<\/script>\n<!-- \/ Yoast SEO plugin. -->","yoast_head_json":{"title":"HISTORIQUE - MY Group","description":"Explorez l\u2019historique de MY Group \u00e0 Gen\u00e8ve : un parcours marqu\u00e9 par l\u2019innovation, l\u2019excellence et la croissance dans des secteurs vari\u00e9s comme l\u2019\u00e9v\u00e9nementiel et le bien-\u00eatre.","robots":{"index":"index","follow":"follow","max-snippet":"max-snippet:-1","max-image-preview":"max-image-preview:large","max-video-preview":"max-video-preview:-1"},"canonical":"https:\/\/my-group.ch\/en\/historique-holding-geneve\/","og_locale":"en_US","og_type":"article","og_title":"HISTORIQUE - MY Group","og_description":"Explorez l\u2019historique de MY Group \u00e0 Gen\u00e8ve : un parcours marqu\u00e9 par l\u2019innovation, l\u2019excellence et la croissance dans des secteurs vari\u00e9s comme l\u2019\u00e9v\u00e9nementiel et le bien-\u00eatre.","og_url":"https:\/\/my-group.ch\/en\/historique-holding-geneve\/","og_site_name":"MY Group","article_modified_time":"2025-11-12T21:55:14+00:00","twitter_card":"summary_large_image","twitter_misc":{"Est. reading time":"2 minutes"},"schema":{"@context":"https:\/\/schema.org","@graph":[{"@type":"WebPage","@id":"https:\/\/my-group.ch\/historique-holding-geneve\/","url":"https:\/\/my-group.ch\/historique-holding-geneve\/","name":"HISTORIQUE - MY Group","isPartOf":{"@id":"https:\/\/my-group.ch\/#website"},"datePublished":"2017-02-16T08:16:01+00:00","dateModified":"2025-11-12T21:55:14+00:00","description":"Explorez l\u2019historique de MY Group \u00e0 Gen\u00e8ve : un parcours marqu\u00e9 par l\u2019innovation, l\u2019excellence et la croissance dans des secteurs vari\u00e9s comme l\u2019\u00e9v\u00e9nementiel et le bien-\u00eatre.","breadcrumb":{"@id":"https:\/\/my-group.ch\/historique-holding-geneve\/#breadcrumb"},"inLanguage":"en-US","potentialAction":[{"@type":"ReadAction","target":["https:\/\/my-group.ch\/historique-holding-geneve\/"]}]},{"@type":"BreadcrumbList","@id":"https:\/\/my-group.ch\/historique-holding-geneve\/#breadcrumb","itemListElement":[{"@type":"ListItem","position":1,"name":"Accueil","item":"https:\/\/my-group.ch\/"},{"@type":"ListItem","position":2,"name":"HISTORIQUE"}]},{"@type":"WebSite","@id":"https:\/\/my-group.ch\/#website","url":"https:\/\/my-group.ch\/","name":"MY Group","description":"","publisher":{"@id":"https:\/\/my-group.ch\/#organization"},"potentialAction":[{"@type":"SearchAction","target":{"@type":"EntryPoint","urlTemplate":"https:\/\/my-group.ch\/?s={search_term_string}"},"query-input":"required name=search_term_string"}],"inLanguage":"en-US"},{"@type":"Organization","@id":"https:\/\/my-group.ch\/#organization","name":"MY Group","url":"https:\/\/my-group.ch\/","logo":{"@type":"ImageObject","inLanguage":"en-US","@id":"https:\/\/my-group.ch\/#\/schema\/logo\/image\/","url":"https:\/\/my-group.ch\/wp-content\/uploads\/2024\/03\/cropped-logo-MY-group-png-blanc.png","contentUrl":"https:\/\/my-group.ch\/wp-content\/uploads\/2024\/03\/cropped-logo-MY-group-png-blanc.png","width":512,"height":512,"caption":"MY Group"},"image":{"@id":"https:\/\/my-group.ch\/#\/schema\/logo\/image\/"}}]}},"_links":{"self":[{"href":"https:\/\/my-group.ch\/en\/wp-json\/wp\/v2\/pages\/39","targetHints":{"allow":["GET"]}}],"collection":[{"href":"https:\/\/my-group.ch\/en\/wp-json\/wp\/v2\/pages"}],"about":[{"href":"https:\/\/my-group.ch\/en\/wp-json\/wp\/v2\/types\/page"}],"author":[{"embeddable":true,"href":"https:\/\/my-group.ch\/en\/wp-json\/wp\/v2\/users\/1"}],"replies":[{"embeddable":true,"href":"https:\/\/my-group.ch\/en\/wp-json\/wp\/v2\/comments?post=39"}],"version-history":[{"count":12,"href":"https:\/\/my-group.ch\/en\/wp-json\/wp\/v2\/pages\/39\/revisions"}],"predecessor-version":[{"id":29750,"href":"https:\/\/my-group.ch\/en\/wp-json\/wp\/v2\/pages\/39\/revisions\/29750"}],"wp:attachment":[{"href":"https:\/\/my-group.ch\/en\/wp-json\/wp\/v2\/media?parent=39"}],"curies":[{"name":"wp","href":"https:\/\/api.w.org\/{rel}","templated":true}]}}