{"id":29116,"date":"2024-09-06T12:20:49","date_gmt":"2024-09-06T10:20:49","guid":{"rendered":"https:\/\/my-group.ch\/?page_id=29116"},"modified":"2024-09-06T12:46:38","modified_gmt":"2024-09-06T10:46:38","slug":"mentions-legales-politique-de-confidentialite-cookies","status":"publish","type":"page","link":"https:\/\/my-group.ch\/en\/mentions-legales-politique-de-confidentialite-cookies\/","title":{"rendered":"Mentions L\u00e9gales \/ Politique de confidentialit\u00e9 \/ Cookies"},"content":{"rendered":"<p>[et_pb_section fb_built=\u00a0\u00bb1&Prime; _builder_version=\u00a0\u00bb4.27.0&Prime; _module_preset=\u00a0\u00bbdefault\u00a0\u00bb global_colors_info=\u00a0\u00bb{}\u00a0\u00bb][et_pb_row _builder_version=\u00a0\u00bb4.27.0&Prime; _module_preset=\u00a0\u00bbdefault\u00a0\u00bb global_colors_info=\u00a0\u00bb{}\u00a0\u00bb][et_pb_column type=\u00a0\u00bb4_4&Prime; _builder_version=\u00a0\u00bb4.27.0&Prime; _module_preset=\u00a0\u00bbdefault\u00a0\u00bb global_colors_info=\u00a0\u00bb{}\u00a0\u00bb][et_pb_text _builder_version=\u00a0\u00bb4.27.0&Prime; _module_preset=\u00a0\u00bbdefault\u00a0\u00bb inline_fonts=\u00a0\u00bbIBM Plex Sans\u00a0\u00bb global_colors_info=\u00a0\u00bb{}\u00a0\u00bb]<\/p>\n<h1><strong><span style=\"font-family: 'IBM Plex Sans'; color: #b08e54;\">Mentions L\u00e9gales<\/span><\/strong><\/h1>\n<p><strong><span style=\"font-family: 'IBM Plex Sans'; color: #b08e54;\"><\/span><\/strong><\/p>\n<p>Le pr\u00e9sent site est la propri\u00e9t\u00e9 de MY Group SA dont le si\u00e8ge social est situ\u00e9 \u00e0 Collonge-Bellerive.<\/p>\n<div>Societe MY Group SA<\/div>\n<p>Conception et r\u00e9alisation du site : <a href=\"https:\/\/www.instagram.com\/sdm.creation_\/\">SDM Creation<\/a><\/p>\n<p>Responsable publication : MY Group. Le responsable est une personne physique ou une personne morale.<\/p>\n<p>L\u2019\u00e9diteur de ce site s\u2019engage \u00e0 respecter l\u2019ensemble des lois en vigueur concernant la mise en place et l\u2019activit\u00e9 d\u2019un site Internet. MY Group vous informe que l\u2019ensemble des lois et r\u00e8glements en vigueur est applicable \u00e0 Internet.<\/p>\n<p>Le site <a href=\"https:\/\/my-group.ch\/en\/\">my-group.ch<\/a>\u00a0est h\u00e9berg\u00e9 par <a href=\"https:\/\/www.infomaniak.com\/fr\" target=\"_blank\" rel=\"noopener\">Infomaniak<\/a><a href=\"https:\/\/www.ionos.fr\/\" target=\"_blank\" rel=\"noopener\">.<\/a><\/p>\n<p>L\u2019utilisateur du site <a href=\"https:\/\/my-group.ch\/en\/\"><span style=\"color: rgba(176, 142, 84, 0.73);\">my-group.ch<\/span><\/a>\u00a0reconna\u00eet disposer de la comp\u00e9tence et des moyens n\u00e9cessaires pour acc\u00e9der \u00e0 et utiliser ce site. Il reconna\u00eet \u00e9galement avoir v\u00e9rifi\u00e9 que la configuration informatique utilis\u00e9e ne contient aucun virus et qu\u2019elle est en parfait \u00e9tat de fonctionnement. Enfin, l\u2019utilisateur reconna\u00eet \u00e9galement avoir pris connaissance de la pr\u00e9sente notice l\u00e9gale et s\u2019engage \u00e0 la respecter.<\/p>\n<p>Tout utilisateur du site<a href=\"https:\/\/my-group.ch\/en\/\" target=\"_blank\" rel=\"noopener\"> my-group.ch<\/a> est notamment tenu de respecter les dispositions de la loi du 6 janvier 1978 relative \u00e0 l\u2019Informatique, aux fichiers et aux libert\u00e9s, dont la violation est passible de sanctions p\u00e9nales.<strong><span style=\"font-family: 'IBM Plex Sans'; color: #b08e54;\"><\/span><\/strong><\/p>\n<p><strong><span style=\"font-family: 'IBM Plex Sans'; color: #b08e54;\"><\/span><\/strong><\/p>\n<p>&nbsp;<\/p>\n<h1><strong><span style=\"font-family: 'IBM Plex Sans'; color: #b08e54;\">Politique de <\/span><\/strong><span style=\"color: #b08e54; font-family: IBM Plex Sans;\"><span style=\"caret-color: #b08e54;\">confidentialit\u00e9<\/span><\/span><\/h1>\n<p>\u00a0En aucun cas, les donn\u00e9es recueillies sur le site <a href=\"https:\/\/my-group.ch\/en\/\" target=\"_blank\" rel=\"noopener\">my-group.ch<\/a> ne seront c\u00e9d\u00e9es ou vendues \u00e0 des tiers. Aucune adresse email ne sera transmise \u00e0 des tiers y compris \u00e0 nos partenaires sauf avec l\u2019accord \u00e9crit des int\u00e9ress\u00e9s. Les donn\u00e9es collect\u00e9es par l\u2019interm\u00e9diaire du formulaire de contact sont destin\u00e9es \u00e0 l\u2019usage exclusif du responsable de <a href=\"https:\/\/my-group.ch\/en\/\">my-group.ch<\/a>\u00a0afin de vous recontacter et ne font pas l\u2019objet de prospection marketing.<\/p>\n<p>En vertu du r\u00e8glement no 2016\/679, dit r\u00e8glement g\u00e9n\u00e9ral sur la protection des donn\u00e9es (RGPD), l\u2019Utilisateur dispose d\u2019un droit d\u2019acc\u00e8s, de rectification, de suppression et d\u2019opposition de ses donn\u00e9es personnelles. L\u2019Utilisateur exerce ce droit via :<\/p>\n<ul>\n<li>un e-mail \u00e0 l\u2019adresse <a href=\"\/en\/info@my-group.ch\/\">info@my-group.ch<\/a><\/li>\n<\/ul>\n<p>Les donn\u00e9es ne sont pas stock\u00e9es plus de 3 ans<\/p>\n<p>&nbsp;<\/p>\n<h1><strong><span style=\"font-family: 'IBM Plex Sans'; color: #b08e54;\">Cookies\u00a0<\/span><\/strong><\/h1>\n<p>&nbsp;<\/p>\n<p><a href=\"https:\/\/my-group.ch\/en\/\" target=\"_blank\" rel=\"noopener\">my-group.ch<\/a> utilise des cookies afin d\u2019am\u00e9liorer votre navigation afin d\u2019effectuer le suivi de la fr\u00e9quentation du site (via les services Google Analytics).<\/p>\n<p>Vous avez la possibilit\u00e9 de d\u00e9sactiver les cookies en vous rendant dans les options de votre navigateur. Cliquez sur le lien correspondant \u00e0 votre navigateur pour d\u00e9couvrir comment faire :<\/p>\n<ul>\n<li><a href=\"https:\/\/support.google.com\/chrome\/answer\/95647?hl=fr\" target=\"_blank\" rel=\"noopener\">Google Chrome<\/a><\/li>\n<li><a href=\"https:\/\/support.mozilla.org\/fr\/kb\/activer-desactiver-cookies\" target=\"_blank\" rel=\"noopener\">Mozilla Firefox<\/a><\/li>\n<li><a href=\"http:\/\/support.apple.com\/kb\/PH17191?viewlocale=fr_FR&amp;locale=en_US\" target=\"_blank\" rel=\"noopener\">Safari<\/a><\/li>\n<li><a href=\"http:\/\/help.opera.com\/Windows\/10.20\/fr\/cookies.html\" target=\"_blank\" rel=\"noopener\">Opera<\/a><\/li>\n<li><a href=\"http:\/\/windows.microsoft.com\/fr-fr\/internet-explorer\/delete-manage-cookies#ie=ie-11\" target=\"_blank\" rel=\"noopener\">Internet Explorer<\/a><\/li>\n<\/ul>\n<p>&nbsp;<\/p>\n<p>&nbsp;<\/p>\n<p>&nbsp;<\/p>\n<p>&nbsp;<\/p>\n<p>&nbsp;<\/p>\n<p>[\/et_pb_text][\/et_pb_column][\/et_pb_row][\/et_pb_section]<\/p>","protected":false},"excerpt":{"rendered":"<p>Mentions L\u00e9gales Le pr\u00e9sent site est la propri\u00e9t\u00e9 de MY Group SA dont le si\u00e8ge social est situ\u00e9 \u00e0 Collonge-Bellerive. Societe MY Group SA Conception et r\u00e9alisation du site : SDM Creation Responsable publication : MY Group. Le responsable est une personne physique ou une personne morale. L\u2019\u00e9diteur de ce site s\u2019engage \u00e0 respecter l\u2019ensemble [&hellip;]<\/p>","protected":false},"author":1,"featured_media":0,"parent":0,"menu_order":0,"comment_status":"closed","ping_status":"closed","template":"","meta":{"_et_pb_use_builder":"on","_et_pb_old_content":"","_et_gb_content_width":"","_themeisle_gutenberg_block_has_review":false,"footnotes":""},"class_list":["post-29116","page","type-page","status-publish","hentry"],"yoast_head":"<!-- This site is optimized with the Yoast SEO plugin v22.5 - https:\/\/yoast.com\/wordpress\/plugins\/seo\/ -->\n<title>Mentions L\u00e9gales \/ Politique de confidentialit\u00e9 \/ Cookies - MY Group<\/title>\n<meta name=\"robots\" content=\"index, follow, max-snippet:-1, max-image-preview:large, max-video-preview:-1\" \/>\n<link rel=\"canonical\" href=\"https:\/\/my-group.ch\/en\/mentions-legales-politique-de-confidentialite-cookies\/\" \/>\n<meta property=\"og:locale\" content=\"en_US\" \/>\n<meta property=\"og:type\" content=\"article\" \/>\n<meta property=\"og:title\" content=\"Mentions L\u00e9gales \/ Politique de confidentialit\u00e9 \/ Cookies - MY Group\" \/>\n<meta property=\"og:description\" content=\"Mentions L\u00e9gales Le pr\u00e9sent site est la propri\u00e9t\u00e9 de MY Group SA dont le si\u00e8ge social est situ\u00e9 \u00e0 Collonge-Bellerive. Societe MY Group SA Conception et r\u00e9alisation du site : SDM Creation Responsable publication : MY Group. Le responsable est une personne physique ou une personne morale. L\u2019\u00e9diteur de ce site s\u2019engage \u00e0 respecter l\u2019ensemble [&hellip;]\" \/>\n<meta property=\"og:url\" content=\"https:\/\/my-group.ch\/en\/mentions-legales-politique-de-confidentialite-cookies\/\" \/>\n<meta property=\"og:site_name\" content=\"MY Group\" \/>\n<meta property=\"article:modified_time\" content=\"2024-09-06T10:46:38+00:00\" \/>\n<meta name=\"twitter:card\" content=\"summary_large_image\" \/>\n<script type=\"application\/ld+json\" class=\"yoast-schema-graph\">{\"@context\":\"https:\/\/schema.org\",\"@graph\":[{\"@type\":\"WebPage\",\"@id\":\"https:\/\/my-group.ch\/mentions-legales-politique-de-confidentialite-cookies\/\",\"url\":\"https:\/\/my-group.ch\/mentions-legales-politique-de-confidentialite-cookies\/\",\"name\":\"Mentions L\u00e9gales \/ Politique de confidentialit\u00e9 \/ Cookies - MY Group\",\"isPartOf\":{\"@id\":\"https:\/\/my-group.ch\/#website\"},\"datePublished\":\"2024-09-06T10:20:49+00:00\",\"dateModified\":\"2024-09-06T10:46:38+00:00\",\"breadcrumb\":{\"@id\":\"https:\/\/my-group.ch\/mentions-legales-politique-de-confidentialite-cookies\/#breadcrumb\"},\"inLanguage\":\"en-US\",\"potentialAction\":[{\"@type\":\"ReadAction\",\"target\":[\"https:\/\/my-group.ch\/mentions-legales-politique-de-confidentialite-cookies\/\"]}]},{\"@type\":\"BreadcrumbList\",\"@id\":\"https:\/\/my-group.ch\/mentions-legales-politique-de-confidentialite-cookies\/#breadcrumb\",\"itemListElement\":[{\"@type\":\"ListItem\",\"position\":1,\"name\":\"Accueil\",\"item\":\"https:\/\/my-group.ch\/\"},{\"@type\":\"ListItem\",\"position\":2,\"name\":\"Mentions L\u00e9gales \/ Politique de confidentialit\u00e9 \/ Cookies\"}]},{\"@type\":\"WebSite\",\"@id\":\"https:\/\/my-group.ch\/#website\",\"url\":\"https:\/\/my-group.ch\/\",\"name\":\"MY Group\",\"description\":\"\",\"publisher\":{\"@id\":\"https:\/\/my-group.ch\/#organization\"},\"potentialAction\":[{\"@type\":\"SearchAction\",\"target\":{\"@type\":\"EntryPoint\",\"urlTemplate\":\"https:\/\/my-group.ch\/?s={search_term_string}\"},\"query-input\":\"required name=search_term_string\"}],\"inLanguage\":\"en-US\"},{\"@type\":\"Organization\",\"@id\":\"https:\/\/my-group.ch\/#organization\",\"name\":\"MY Group\",\"url\":\"https:\/\/my-group.ch\/\",\"logo\":{\"@type\":\"ImageObject\",\"inLanguage\":\"en-US\",\"@id\":\"https:\/\/my-group.ch\/#\/schema\/logo\/image\/\",\"url\":\"https:\/\/my-group.ch\/wp-content\/uploads\/2024\/03\/cropped-logo-MY-group-png-blanc.png\",\"contentUrl\":\"https:\/\/my-group.ch\/wp-content\/uploads\/2024\/03\/cropped-logo-MY-group-png-blanc.png\",\"width\":512,\"height\":512,\"caption\":\"MY Group\"},\"image\":{\"@id\":\"https:\/\/my-group.ch\/#\/schema\/logo\/image\/\"}}]}<\/script>\n<!-- \/ Yoast SEO plugin. -->","yoast_head_json":{"title":"Mentions L\u00e9gales \/ Politique de confidentialit\u00e9 \/ Cookies - MY Group","robots":{"index":"index","follow":"follow","max-snippet":"max-snippet:-1","max-image-preview":"max-image-preview:large","max-video-preview":"max-video-preview:-1"},"canonical":"https:\/\/my-group.ch\/en\/mentions-legales-politique-de-confidentialite-cookies\/","og_locale":"en_US","og_type":"article","og_title":"Mentions L\u00e9gales \/ Politique de confidentialit\u00e9 \/ Cookies - MY Group","og_description":"Mentions L\u00e9gales Le pr\u00e9sent site est la propri\u00e9t\u00e9 de MY Group SA dont le si\u00e8ge social est situ\u00e9 \u00e0 Collonge-Bellerive. Societe MY Group SA Conception et r\u00e9alisation du site : SDM Creation Responsable publication : MY Group. Le responsable est une personne physique ou une personne morale. L\u2019\u00e9diteur de ce site s\u2019engage \u00e0 respecter l\u2019ensemble [&hellip;]","og_url":"https:\/\/my-group.ch\/en\/mentions-legales-politique-de-confidentialite-cookies\/","og_site_name":"MY Group","article_modified_time":"2024-09-06T10:46:38+00:00","twitter_card":"summary_large_image","schema":{"@context":"https:\/\/schema.org","@graph":[{"@type":"WebPage","@id":"https:\/\/my-group.ch\/mentions-legales-politique-de-confidentialite-cookies\/","url":"https:\/\/my-group.ch\/mentions-legales-politique-de-confidentialite-cookies\/","name":"Mentions L\u00e9gales \/ Politique de confidentialit\u00e9 \/ Cookies - MY Group","isPartOf":{"@id":"https:\/\/my-group.ch\/#website"},"datePublished":"2024-09-06T10:20:49+00:00","dateModified":"2024-09-06T10:46:38+00:00","breadcrumb":{"@id":"https:\/\/my-group.ch\/mentions-legales-politique-de-confidentialite-cookies\/#breadcrumb"},"inLanguage":"en-US","potentialAction":[{"@type":"ReadAction","target":["https:\/\/my-group.ch\/mentions-legales-politique-de-confidentialite-cookies\/"]}]},{"@type":"BreadcrumbList","@id":"https:\/\/my-group.ch\/mentions-legales-politique-de-confidentialite-cookies\/#breadcrumb","itemListElement":[{"@type":"ListItem","position":1,"name":"Accueil","item":"https:\/\/my-group.ch\/"},{"@type":"ListItem","position":2,"name":"Mentions L\u00e9gales \/ Politique de confidentialit\u00e9 \/ Cookies"}]},{"@type":"WebSite","@id":"https:\/\/my-group.ch\/#website","url":"https:\/\/my-group.ch\/","name":"MY Group","description":"","publisher":{"@id":"https:\/\/my-group.ch\/#organization"},"potentialAction":[{"@type":"SearchAction","target":{"@type":"EntryPoint","urlTemplate":"https:\/\/my-group.ch\/?s={search_term_string}"},"query-input":"required name=search_term_string"}],"inLanguage":"en-US"},{"@type":"Organization","@id":"https:\/\/my-group.ch\/#organization","name":"MY Group","url":"https:\/\/my-group.ch\/","logo":{"@type":"ImageObject","inLanguage":"en-US","@id":"https:\/\/my-group.ch\/#\/schema\/logo\/image\/","url":"https:\/\/my-group.ch\/wp-content\/uploads\/2024\/03\/cropped-logo-MY-group-png-blanc.png","contentUrl":"https:\/\/my-group.ch\/wp-content\/uploads\/2024\/03\/cropped-logo-MY-group-png-blanc.png","width":512,"height":512,"caption":"MY Group"},"image":{"@id":"https:\/\/my-group.ch\/#\/schema\/logo\/image\/"}}]}},"_links":{"self":[{"href":"https:\/\/my-group.ch\/en\/wp-json\/wp\/v2\/pages\/29116","targetHints":{"allow":["GET"]}}],"collection":[{"href":"https:\/\/my-group.ch\/en\/wp-json\/wp\/v2\/pages"}],"about":[{"href":"https:\/\/my-group.ch\/en\/wp-json\/wp\/v2\/types\/page"}],"author":[{"embeddable":true,"href":"https:\/\/my-group.ch\/en\/wp-json\/wp\/v2\/users\/1"}],"replies":[{"embeddable":true,"href":"https:\/\/my-group.ch\/en\/wp-json\/wp\/v2\/comments?post=29116"}],"version-history":[{"count":6,"href":"https:\/\/my-group.ch\/en\/wp-json\/wp\/v2\/pages\/29116\/revisions"}],"predecessor-version":[{"id":29374,"href":"https:\/\/my-group.ch\/en\/wp-json\/wp\/v2\/pages\/29116\/revisions\/29374"}],"wp:attachment":[{"href":"https:\/\/my-group.ch\/en\/wp-json\/wp\/v2\/media?parent=29116"}],"curies":[{"name":"wp","href":"https:\/\/api.w.org\/{rel}","templated":true}]}}